{"id":136,"date":"2024-06-23T12:03:03","date_gmt":"2024-06-23T10:03:03","guid":{"rendered":"https:\/\/auxtoursdunmonde.com\/?post_type=product&#038;p=136"},"modified":"2026-01-02T16:50:37","modified_gmt":"2026-01-02T15:50:37","slug":"les-livres","status":"publish","type":"product","link":"https:\/\/auxtoursdunmonde.com\/index.php\/produit\/les-livres\/","title":{"rendered":"Les livres"},"content":{"rendered":"<p><strong>Retrouvez ici tous nos livres.<br \/>\n[LIVRAISON GRATUITE AU VANLIFE HAUTS DE FRANCE &#8211; CODE PROMO : \u00ab\u00a0CALAIS\u00a0\u00bb]<\/strong><\/p>\n<p>\u00ab\u00a0Objectif Afrique\u00a0\u00bb &#8211; raconte nos p\u00e9rip\u00e9ties africaines en camion am\u00e9nag\u00e9.<\/p>\n<p><strong>\u00ab\u00a0Le guide de d\u00e9part\u00a0\u00bb &#8211; est un livre de conseils sur la vie nomade<\/strong><\/p>\n<p><strong>\u00ab\u00a0Notre eau de vie\u00a0\u00bb &#8211; raconte notre aventure de 3 ann\u00e9es en catamaran avec nos enfants.<\/strong><\/p>\n<p><strong>\u00ab\u00a0Et si on changeait de vie\u00a0\u00bb &#8211; raconte notre p\u00e9riple aux travers des Balkans avec notre 4&#215;4 et tente de toit.<\/strong><\/p>\n<p>A quoi servent les pr\u00e9-commandes ?<br \/>\nLe co\u00fbt des productions ne sont pas des moindres, tout comme le co\u00fbt des mati\u00e8res premi\u00e8res. Les pr\u00e9-commandes servent \u00e0 \u00e9valuer le nombre de produits \u00e0 imprimer et donc \u00e0 \u00e9viter les sur-co\u00fbt.<\/p>\n<p>_ Comme pour chacun des produits que nous vendons, nous vous laissons le choix de nous donner un petit coup de pouce \u00e0 notre aventure avec un prix libre par tranche de 5\u20ac ou 10\u20ac _<br \/>\nMerci beaucoup<\/p>\n","protected":false},"excerpt":{"rendered":"<p><strong>Retrouvez ici tous nos livres.<br \/>\n[LIVRAISON GRATUITE AU VANLIFE HAUTS DE FRANCE &#8211; CODE PROMO : \u00ab\u00a0CALAIS\u00a0\u00bb]<\/strong><\/p>\n<p><strong>\u00ab\u00a0Objectif Afrique\u00a0\u00bb &#8211; raconte nos p\u00e9rip\u00e9ties africaines en camion am\u00e9nag\u00e9.<\/strong><\/p>\n<p><strong>\u00ab\u00a0Le guide de d\u00e9part\u00a0\u00bb &#8211; est un livre de conseils sur la vie nomade<\/strong><\/p>\n<p><strong>\u00ab\u00a0Notre eau de vie\u00a0\u00bb &#8211; raconte notre aventure de 3 ann\u00e9es en catamaran avec nos enfants.<\/strong><\/p>\n<p><strong>\u00ab\u00a0Et si on changeait de vie\u00a0\u00bb &#8211; raconte notre p\u00e9riple aux travers des Balkans avec notre 4&#215;4 et tente de toit.<\/strong><\/p>\n<p>A quoi servent les pr\u00e9-commandes ?<br \/>\nLe co\u00fbt des productions ne sont pas des moindres, tout comme le co\u00fbt des mati\u00e8res premi\u00e8res. Les pr\u00e9-commandes servent \u00e0 \u00e9valuer le nombre de produits \u00e0 imprimer et donc \u00e0 \u00e9viter les sur-co\u00fbt.<\/p>\n<p>_ Comme pour chacun des produits que nous vendons, nous vous laissons le choix de nous donner un petit coup de pouce \u00e0 notre aventure avec un prix libre par tranche de 5\u20ac ou 10\u20ac _<br \/>\nMerci beaucoup<\/p>\n","protected":false},"featured_media":1361,"comment_status":"open","ping_status":"closed","template":"","meta":[],"product_brand":[],"product_cat":[15],"product_tag":[],"class_list":{"0":"post-136","1":"product","2":"type-product","3":"status-publish","4":"has-post-thumbnail","6":"product_cat-livres","8":"first","9":"instock","10":"sale","11":"shipping-taxable","12":"product-type-grouped"},"_links":{"self":[{"href":"https:\/\/auxtoursdunmonde.com\/index.php\/wp-json\/wp\/v2\/product\/136","targetHints":{"allow":["GET"]}}],"collection":[{"href":"https:\/\/auxtoursdunmonde.com\/index.php\/wp-json\/wp\/v2\/product"}],"about":[{"href":"https:\/\/auxtoursdunmonde.com\/index.php\/wp-json\/wp\/v2\/types\/product"}],"replies":[{"embeddable":true,"href":"https:\/\/auxtoursdunmonde.com\/index.php\/wp-json\/wp\/v2\/comments?post=136"}],"wp:featuredmedia":[{"embeddable":true,"href":"https:\/\/auxtoursdunmonde.com\/index.php\/wp-json\/wp\/v2\/media\/1361"}],"wp:attachment":[{"href":"https:\/\/auxtoursdunmonde.com\/index.php\/wp-json\/wp\/v2\/media?parent=136"}],"wp:term":[{"taxonomy":"product_brand","embeddable":true,"href":"https:\/\/auxtoursdunmonde.com\/index.php\/wp-json\/wp\/v2\/product_brand?post=136"},{"taxonomy":"product_cat","embeddable":true,"href":"https:\/\/auxtoursdunmonde.com\/index.php\/wp-json\/wp\/v2\/product_cat?post=136"},{"taxonomy":"product_tag","embeddable":true,"href":"https:\/\/auxtoursdunmonde.com\/index.php\/wp-json\/wp\/v2\/product_tag?post=136"}],"curies":[{"name":"wp","href":"https:\/\/api.w.org\/{rel}","templated":true}]}}