{"id":1752,"date":"2025-11-01T14:50:45","date_gmt":"2025-11-01T13:50:45","guid":{"rendered":"https:\/\/auxtoursdunmonde.com\/?post_type=product&#038;p=1752"},"modified":"2025-11-01T14:58:48","modified_gmt":"2025-11-01T13:58:48","slug":"nouveau-mug-2025-2026","status":"publish","type":"product","link":"https:\/\/auxtoursdunmonde.com\/index.php\/produit\/nouveau-mug-2025-2026\/","title":{"rendered":"NOUVEAU MUG 2025-2026"},"content":{"rendered":"<p><strong>Mug c\u00e9ramique 2025-2026<br \/>\nId\u00e9al pour aller au micro-ondes. \u00ab\u00a0Vivons Voyons Voyageons\u00a0\u00bb<\/strong><\/p>\n<p>_ Comme pour chacun des produits que nous vendons, nous vous laissons le choix de nous donner un petit coup de pouce avec un prix libre par tranche de 5\u20ac ou 10\u20ac _<br \/>\nLorsque le site vous propose la quantit\u00e9 ce n\u2019est pas pour le t\u00e9l\u00e9chargement mais pour le montant. Vous pourrez bien sur t\u00e9l\u00e9charger et partager librement si vous le souhaitez, sachez seulement que c\u2019est un petit coup de pouce \u00e0 notre aventure.<br \/>\nMerci beaucoup<\/p>\n","protected":false},"excerpt":{"rendered":"<p><strong>C&rsquo;est parti les CALENDRIERS 2026 sont arriv\u00e9s !!<\/strong><\/p>\n<p>_ Comme pour chacun des produits que nous vendons, nous vous laissons le choix de nous donner un petit coup de pouce avec un prix libre par tranche de 5\u20ac ou 10\u20ac _<br \/>\nLorsque le site vous propose la quantit\u00e9 ce n\u2019est pas pour le t\u00e9l\u00e9chargement mais pour le montant. Vous pourrez bien sur t\u00e9l\u00e9charger et partager librement si vous le souhaitez, sachez seulement que c\u2019est un petit coup de pouce \u00e0 notre aventure.<br \/>\nMerci beaucoup<\/p>\n","protected":false},"featured_media":1753,"comment_status":"open","ping_status":"closed","template":"","meta":[],"product_brand":[],"product_cat":[15,18],"product_tag":[],"class_list":{"0":"post-1752","1":"product","2":"type-product","3":"status-publish","4":"has-post-thumbnail","6":"product_cat-livres","7":"product_cat-derives","9":"first","10":"instock","11":"sale","12":"shipping-taxable","13":"product-type-grouped"},"_links":{"self":[{"href":"https:\/\/auxtoursdunmonde.com\/index.php\/wp-json\/wp\/v2\/product\/1752","targetHints":{"allow":["GET"]}}],"collection":[{"href":"https:\/\/auxtoursdunmonde.com\/index.php\/wp-json\/wp\/v2\/product"}],"about":[{"href":"https:\/\/auxtoursdunmonde.com\/index.php\/wp-json\/wp\/v2\/types\/product"}],"replies":[{"embeddable":true,"href":"https:\/\/auxtoursdunmonde.com\/index.php\/wp-json\/wp\/v2\/comments?post=1752"}],"wp:featuredmedia":[{"embeddable":true,"href":"https:\/\/auxtoursdunmonde.com\/index.php\/wp-json\/wp\/v2\/media\/1753"}],"wp:attachment":[{"href":"https:\/\/auxtoursdunmonde.com\/index.php\/wp-json\/wp\/v2\/media?parent=1752"}],"wp:term":[{"taxonomy":"product_brand","embeddable":true,"href":"https:\/\/auxtoursdunmonde.com\/index.php\/wp-json\/wp\/v2\/product_brand?post=1752"},{"taxonomy":"product_cat","embeddable":true,"href":"https:\/\/auxtoursdunmonde.com\/index.php\/wp-json\/wp\/v2\/product_cat?post=1752"},{"taxonomy":"product_tag","embeddable":true,"href":"https:\/\/auxtoursdunmonde.com\/index.php\/wp-json\/wp\/v2\/product_tag?post=1752"}],"curies":[{"name":"wp","href":"https:\/\/api.w.org\/{rel}","templated":true}]}}