{"id":1358,"date":"2025-03-28T14:52:41","date_gmt":"2025-03-28T13:52:41","guid":{"rendered":"https:\/\/auxtoursdunmonde.com\/?post_type=product&#038;p=1358"},"modified":"2025-03-28T14:58:37","modified_gmt":"2025-03-28T13:58:37","slug":"le-guide-du-depart-lindispensable-ebook-copie","status":"publish","type":"product","link":"https:\/\/auxtoursdunmonde.com\/index.php\/produit\/le-guide-du-depart-lindispensable-ebook-copie\/","title":{"rendered":"\u00ab\u00a0Objectif Afrique\u00a0\u00bb &#8211; Nos p\u00e9rip\u00e9ties Africaines [ebook]"},"content":{"rendered":"","protected":false},"excerpt":{"rendered":"<p><strong>En 2022, nous avons am\u00e9nag\u00e9 un camion appel\u00e9 Barbouille, mais comment ? Pourquoi en 2021 avons-nous troquer notre 4&#215;4 contre un camion alors que notre objectif est de rallier l&rsquo;Afrique ?<\/strong><\/p>\n<p><strong>Et si parfois \u00e7a ne se passait pas comme pr\u00e9vu ?? Coup d\u2019\u00c9tat au S\u00e9n\u00e9gal, blessure au Maroc, d\u00e9cid\u00e9ment&#8230; On vous raconte tout avec des d\u00e9tails qui ne sont pas en vid\u00e9os sur YouTube. Pourquoi a-t-on fait demi-tour ? Comment ce voyage l&rsquo;avons-nous v\u00e9cu ?<\/strong><\/p>\n<p>_ Comme pour chacun des produits que nous vendons, nous vous laissons le choix de nous donner un petit coup de pouce avec un prix libre par tranche de 5\u20ac ou 10\u20ac _<br \/>\nLorsque le site vous propose la quantit\u00e9 ce n\u2019est pas pour le t\u00e9l\u00e9chargement mais pour le montant. Vous pourrez bien sur t\u00e9l\u00e9charger et partager librement si vous le souhaitez, sachez seulement que c\u2019est un petit coup de pouce \u00e0 notre aventure.<br \/>\nMerci beaucoup<\/p>\n","protected":false},"featured_media":1357,"comment_status":"open","ping_status":"closed","template":"","meta":[],"product_brand":[],"product_cat":[15],"product_tag":[],"class_list":{"0":"post-1358","1":"product","2":"type-product","3":"status-publish","4":"has-post-thumbnail","6":"product_cat-livres","8":"first","9":"instock","10":"downloadable","11":"virtual","12":"purchasable","13":"product-type-simple"},"_links":{"self":[{"href":"https:\/\/auxtoursdunmonde.com\/index.php\/wp-json\/wp\/v2\/product\/1358","targetHints":{"allow":["GET"]}}],"collection":[{"href":"https:\/\/auxtoursdunmonde.com\/index.php\/wp-json\/wp\/v2\/product"}],"about":[{"href":"https:\/\/auxtoursdunmonde.com\/index.php\/wp-json\/wp\/v2\/types\/product"}],"replies":[{"embeddable":true,"href":"https:\/\/auxtoursdunmonde.com\/index.php\/wp-json\/wp\/v2\/comments?post=1358"}],"wp:featuredmedia":[{"embeddable":true,"href":"https:\/\/auxtoursdunmonde.com\/index.php\/wp-json\/wp\/v2\/media\/1357"}],"wp:attachment":[{"href":"https:\/\/auxtoursdunmonde.com\/index.php\/wp-json\/wp\/v2\/media?parent=1358"}],"wp:term":[{"taxonomy":"product_brand","embeddable":true,"href":"https:\/\/auxtoursdunmonde.com\/index.php\/wp-json\/wp\/v2\/product_brand?post=1358"},{"taxonomy":"product_cat","embeddable":true,"href":"https:\/\/auxtoursdunmonde.com\/index.php\/wp-json\/wp\/v2\/product_cat?post=1358"},{"taxonomy":"product_tag","embeddable":true,"href":"https:\/\/auxtoursdunmonde.com\/index.php\/wp-json\/wp\/v2\/product_tag?post=1358"}],"curies":[{"name":"wp","href":"https:\/\/api.w.org\/{rel}","templated":true}]}}