{"id":1347,"date":"2025-03-28T14:15:20","date_gmt":"2025-03-28T13:15:20","guid":{"rendered":"https:\/\/auxtoursdunmonde.com\/?post_type=product&#038;p=1347"},"modified":"2025-11-07T09:51:49","modified_gmt":"2025-11-07T08:51:49","slug":"objectif-afrique-nos-peripeties-africaines-en-camion-amenage","status":"publish","type":"product","link":"https:\/\/auxtoursdunmonde.com\/index.php\/produit\/objectif-afrique-nos-peripeties-africaines-en-camion-amenage\/","title":{"rendered":"Objectif Afrique &#8211; Nos p\u00e9rip\u00e9ties africaines en camion am\u00e9nag\u00e9"},"content":{"rendered":"","protected":false},"excerpt":{"rendered":"<p><strong>En 2022, nous avons am\u00e9nag\u00e9 un camion appel\u00e9 Barbouille, mais comment ? Pourquoi en 2021 avons-nous troquer notre 4&#215;4 contre un camion alors que notre objectif est de rallier l&rsquo;Afrique ?<br \/>\nEt si parfois \u00e7a ne se passait pas comme pr\u00e9vu ?? Coup d\u2019\u00c9tat au S\u00e9n\u00e9gal, blessure au Maroc, d\u00e9cid\u00e9ment&#8230; On vous raconte tout avec des d\u00e9tails qui ne sont pas en vid\u00e9os sur YouTube. Pourquoi a-t-on fait demi-tour ? Comment ce voyage l&rsquo;avons-nous v\u00e9cu ?<\/strong><\/p>\n<p><strong>Tu peux aussi acheter la version Ebook imm\u00e9diatement<\/strong><\/p>\n<p>A quoi servent les pr\u00e9-commandes ?<br \/>\nLe co\u00fbt des productions ne sont pas des moindres, tout comme le co\u00fbt des mati\u00e8res premi\u00e8res. Les pr\u00e9-commandes servent \u00e0 \u00e9valuer le nombre de produits \u00e0 imprimer et donc \u00e0 \u00e9viter les sur-co\u00fbt.<\/p>\n<p>_ Comme pour chacun des produits que nous vendons, nous vous laissons le choix de nous donner un petit coup de pouce avec un prix libre par tranche de 5\u20ac ou 10\u20ac _<br \/>\nLorsque le site vous propose la quantit\u00e9 ce n\u2019est pas pour le t\u00e9l\u00e9chargement mais pour le montant. Vous pourrez bien sur t\u00e9l\u00e9charger et partager librement si vous le souhaitez, sachez seulement que c\u2019est un petit coup de pouce \u00e0 notre aventure.<br \/>\nMerci beaucoup<\/p>\n","protected":false},"featured_media":1356,"comment_status":"open","ping_status":"closed","template":"","meta":[],"product_brand":[],"product_cat":[15],"product_tag":[],"class_list":{"0":"post-1347","1":"product","2":"type-product","3":"status-publish","4":"has-post-thumbnail","6":"product_cat-livres","8":"first","9":"instock","10":"sale","11":"shipping-taxable","12":"purchasable","13":"product-type-simple"},"_links":{"self":[{"href":"https:\/\/auxtoursdunmonde.com\/index.php\/wp-json\/wp\/v2\/product\/1347","targetHints":{"allow":["GET"]}}],"collection":[{"href":"https:\/\/auxtoursdunmonde.com\/index.php\/wp-json\/wp\/v2\/product"}],"about":[{"href":"https:\/\/auxtoursdunmonde.com\/index.php\/wp-json\/wp\/v2\/types\/product"}],"replies":[{"embeddable":true,"href":"https:\/\/auxtoursdunmonde.com\/index.php\/wp-json\/wp\/v2\/comments?post=1347"}],"wp:featuredmedia":[{"embeddable":true,"href":"https:\/\/auxtoursdunmonde.com\/index.php\/wp-json\/wp\/v2\/media\/1356"}],"wp:attachment":[{"href":"https:\/\/auxtoursdunmonde.com\/index.php\/wp-json\/wp\/v2\/media?parent=1347"}],"wp:term":[{"taxonomy":"product_brand","embeddable":true,"href":"https:\/\/auxtoursdunmonde.com\/index.php\/wp-json\/wp\/v2\/product_brand?post=1347"},{"taxonomy":"product_cat","embeddable":true,"href":"https:\/\/auxtoursdunmonde.com\/index.php\/wp-json\/wp\/v2\/product_cat?post=1347"},{"taxonomy":"product_tag","embeddable":true,"href":"https:\/\/auxtoursdunmonde.com\/index.php\/wp-json\/wp\/v2\/product_tag?post=1347"}],"curies":[{"name":"wp","href":"https:\/\/api.w.org\/{rel}","templated":true}]}}