{"id":133,"date":"2024-06-23T11:58:34","date_gmt":"2024-06-23T09:58:34","guid":{"rendered":"https:\/\/auxtoursdunmonde.com\/?post_type=product&#038;p=133"},"modified":"2025-03-28T14:59:40","modified_gmt":"2025-03-28T13:59:40","slug":"les-ebooks","status":"publish","type":"product","link":"https:\/\/auxtoursdunmonde.com\/index.php\/produit\/les-ebooks\/","title":{"rendered":"Les ebooks"},"content":{"rendered":"<p><strong>Retrouvez ici tous nos ebooks.<\/strong><\/p>\n<p><strong>\u00ab\u00a0Objectif Afrique\u00a0\u00bb \u2013 raconte nos p\u00e9rip\u00e9ties africaines en camion am\u00e9nag\u00e9.<\/strong><\/p>\n<p><strong>\u00ab\u00a0Le guide de d\u00e9part\u00a0\u00bb &#8211; est un livre de conseils sur la vie nomade<\/strong><\/p>\n<p><strong>\u00ab\u00a0Notre eau de vie\u00a0\u00bb &#8211; raconte notre aventure de 3 ann\u00e9es en catamaran avec nos enfants.<\/strong><\/p>\n<p><strong>\u00ab\u00a0Et si on changeait de vie\u00a0\u00bb &#8211; raconte notre p\u00e9riple aux travers des Balkans avec notre 4&#215;4 et tente de toit.<\/strong><\/p>\n<p><strong>\u00ab\u00a09 ans de nomadisme en photos\u00a0\u00bb &#8211; ce livre photos est un magnifique r\u00e9sum\u00e9 de 9 ans de nomadisme<\/strong><\/p>\n<p><strong>\u00ab\u00a0Aussi loin que tu sois\u00a0\u00bb &#8211; est un petit roman doux et bienveillant de rencontres extraordinaires.<\/strong><\/p>\n<p>_ Comme pour chacun des produits que nous vendons, nous vous laissons le choix de nous donner un petit coup de pouce avec un prix libre par tranche de 5\u20ac ou 10\u20ac _<br \/>\nLorsque le site vous propose la quantit\u00e9 ce n\u2019est pas pour le t\u00e9l\u00e9chargement mais pour le montant. Vous pourrez bien sur t\u00e9l\u00e9charger et partager librement si vous le souhaitez, sachez seulement que c\u2019est un petit coup de pouce \u00e0 notre aventure.<br \/>\nMerci beaucoup<\/p>\n","protected":false},"excerpt":{"rendered":"<p><strong>Retrouvez ici tous nos ebooks.<\/strong><\/p>\n<p><strong>\u00ab\u00a0Objectif Afrique\u00a0\u00bb \u2013 raconte nos p\u00e9rip\u00e9ties africaines en camion am\u00e9nag\u00e9.<\/strong><\/p>\n<p><strong>\u00ab\u00a0Le guide de d\u00e9part\u00a0\u00bb &#8211; est un livre de conseils sur la vie nomade<\/strong><\/p>\n<p><strong>\u00ab\u00a0Notre eau de vie\u00a0\u00bb &#8211; raconte notre aventure de 3 ann\u00e9es en catamaran avec nos enfants.<\/strong><\/p>\n<p><strong>\u00ab\u00a0Et si on changeait de vie\u00a0\u00bb &#8211; raconte notre p\u00e9riple aux travers des Balkans avec notre 4&#215;4 et tente de toit.<\/strong><\/p>\n<p><strong>\u00ab\u00a09 ans de nomadisme en photos\u00a0\u00bb &#8211; ce livre photos est un magnifique r\u00e9sum\u00e9 de 9 ans de nomadisme<\/strong><\/p>\n<p><strong>\u00ab\u00a0Aussi loin que tu sois\u00a0\u00bb &#8211; est un petit roman doux et bienveillant de rencontres extraordinaires.<\/strong><\/p>\n<p>_ Comme pour chacun des produits que nous vendons, nous vous laissons le choix de nous donner un petit coup de pouce avec un prix libre par tranche de 5\u20ac ou 10\u20ac _<br \/>\nLorsque le site vous propose la quantit\u00e9 ce n\u2019est pas pour le t\u00e9l\u00e9chargement mais pour le montant. Vous pourrez bien sur t\u00e9l\u00e9charger et partager librement si vous le souhaitez, sachez seulement que c\u2019est un petit coup de pouce \u00e0 notre aventure.<br \/>\nMerci beaucoup<\/p>\n","protected":false},"featured_media":1357,"comment_status":"open","ping_status":"closed","template":"","meta":[],"product_brand":[],"product_cat":[15],"product_tag":[],"class_list":{"0":"post-133","1":"product","2":"type-product","3":"status-publish","4":"has-post-thumbnail","6":"product_cat-livres","8":"first","9":"instock","10":"shipping-taxable","11":"product-type-grouped"},"_links":{"self":[{"href":"https:\/\/auxtoursdunmonde.com\/index.php\/wp-json\/wp\/v2\/product\/133","targetHints":{"allow":["GET"]}}],"collection":[{"href":"https:\/\/auxtoursdunmonde.com\/index.php\/wp-json\/wp\/v2\/product"}],"about":[{"href":"https:\/\/auxtoursdunmonde.com\/index.php\/wp-json\/wp\/v2\/types\/product"}],"replies":[{"embeddable":true,"href":"https:\/\/auxtoursdunmonde.com\/index.php\/wp-json\/wp\/v2\/comments?post=133"}],"wp:featuredmedia":[{"embeddable":true,"href":"https:\/\/auxtoursdunmonde.com\/index.php\/wp-json\/wp\/v2\/media\/1357"}],"wp:attachment":[{"href":"https:\/\/auxtoursdunmonde.com\/index.php\/wp-json\/wp\/v2\/media?parent=133"}],"wp:term":[{"taxonomy":"product_brand","embeddable":true,"href":"https:\/\/auxtoursdunmonde.com\/index.php\/wp-json\/wp\/v2\/product_brand?post=133"},{"taxonomy":"product_cat","embeddable":true,"href":"https:\/\/auxtoursdunmonde.com\/index.php\/wp-json\/wp\/v2\/product_cat?post=133"},{"taxonomy":"product_tag","embeddable":true,"href":"https:\/\/auxtoursdunmonde.com\/index.php\/wp-json\/wp\/v2\/product_tag?post=133"}],"curies":[{"name":"wp","href":"https:\/\/api.w.org\/{rel}","templated":true}]}}