{"id":106,"date":"2024-10-18T20:48:56","date_gmt":"2024-10-18T18:48:56","guid":{"rendered":"https:\/\/auxtoursdunmonde.com\/?post_type=product&#038;p=106"},"modified":"2024-10-18T20:48:56","modified_gmt":"2024-10-18T18:48:56","slug":"9-annees-de-nomadisme-en-photos-ebook","status":"publish","type":"product","link":"https:\/\/auxtoursdunmonde.com\/index.php\/produit\/9-annees-de-nomadisme-en-photos-ebook\/","title":{"rendered":"9 ann\u00e9es de nomadisme en photos ! [ebook]"},"content":{"rendered":"","protected":false},"excerpt":{"rendered":"<p><strong>Comment r\u00e9sumer 9 ann\u00e9es de voyage en photo ?<\/strong><\/p>\n<p><strong>Vous nous l&rsquo;avez demand\u00e9, on l&rsquo;a fait pour vous.<\/strong><\/p>\n<p>_ Comme pour chacun des produits que nous vendons, nous vous laissons le choix de nous donner un petit coup de pouce avec un prix libre par tranche de 5\u20ac ou 10\u20ac _<br \/>\nLorsque le site vous propose la quantit\u00e9 ce n&rsquo;est pas pour le t\u00e9l\u00e9chargement mais pour le montant. Vous pourrez bien sur t\u00e9l\u00e9charger et partager librement si vous le souhaitez, sachez seulement que c&rsquo;est un petit coup de pouce \u00e0 notre aventure.<br \/>\nMerci beaucoup<\/p>\n","protected":false},"featured_media":112,"comment_status":"open","ping_status":"closed","template":"","meta":[],"product_brand":[],"product_cat":[15],"product_tag":[],"class_list":{"0":"post-106","1":"product","2":"type-product","3":"status-publish","4":"has-post-thumbnail","6":"product_cat-livres","8":"first","9":"instock","10":"downloadable","11":"virtual","12":"purchasable","13":"product-type-simple"},"_links":{"self":[{"href":"https:\/\/auxtoursdunmonde.com\/index.php\/wp-json\/wp\/v2\/product\/106","targetHints":{"allow":["GET"]}}],"collection":[{"href":"https:\/\/auxtoursdunmonde.com\/index.php\/wp-json\/wp\/v2\/product"}],"about":[{"href":"https:\/\/auxtoursdunmonde.com\/index.php\/wp-json\/wp\/v2\/types\/product"}],"replies":[{"embeddable":true,"href":"https:\/\/auxtoursdunmonde.com\/index.php\/wp-json\/wp\/v2\/comments?post=106"}],"wp:featuredmedia":[{"embeddable":true,"href":"https:\/\/auxtoursdunmonde.com\/index.php\/wp-json\/wp\/v2\/media\/112"}],"wp:attachment":[{"href":"https:\/\/auxtoursdunmonde.com\/index.php\/wp-json\/wp\/v2\/media?parent=106"}],"wp:term":[{"taxonomy":"product_brand","embeddable":true,"href":"https:\/\/auxtoursdunmonde.com\/index.php\/wp-json\/wp\/v2\/product_brand?post=106"},{"taxonomy":"product_cat","embeddable":true,"href":"https:\/\/auxtoursdunmonde.com\/index.php\/wp-json\/wp\/v2\/product_cat?post=106"},{"taxonomy":"product_tag","embeddable":true,"href":"https:\/\/auxtoursdunmonde.com\/index.php\/wp-json\/wp\/v2\/product_tag?post=106"}],"curies":[{"name":"wp","href":"https:\/\/api.w.org\/{rel}","templated":true}]}}