{"id":380,"date":"2024-10-17T14:32:20","date_gmt":"2024-10-17T12:32:20","guid":{"rendered":"https:\/\/auxtoursdunmonde.com\/?page_id=380"},"modified":"2024-10-17T14:37:10","modified_gmt":"2024-10-17T12:37:10","slug":"ecuries-de-la-roseraie","status":"publish","type":"page","link":"https:\/\/auxtoursdunmonde.com\/index.php\/ecuries-de-la-roseraie\/","title":{"rendered":"Ecuries de la Roseraie"},"content":{"rendered":"\n<p>Il y a 8 ans, alors qu&rsquo;elle voyage dans tout le Maroc, Elodie tombe amoureuse de Taroudant, une ville du sud marocain, au pieds de l&rsquo;Atlas. Elle s&rsquo;y installe, apprend l&rsquo;arabe marocain et d\u00e9couvre la vie locale. Elle rapatrie de France son cheval Sanka et fait na\u00eetre les \u00e9curies de la Roseraie. Touch\u00e9e par la mis\u00e8re animal du pays, elle ouvre un refuge animalier au sein des \u00e9curies dit aussi \u00ab\u00a0l&rsquo;Arche d&rsquo;Elo\u00a0\u00bb. Eh oui parce que chez Elodie c&rsquo;est un peu l&rsquo;arche de No\u00e9. <\/p>\n\n\n\n<div class=\"wp-block-columns is-layout-flex wp-container-core-columns-is-layout-9d6595d7 wp-block-columns-is-layout-flex\">\n<div class=\"wp-block-column is-layout-flow wp-block-column-is-layout-flow\" style=\"flex-basis:33.33%\"><div class=\"wp-block-image\">\n<figure class=\"aligncenter size-large is-resized\"><img loading=\"lazy\" decoding=\"async\" width=\"768\" height=\"1024\" src=\"https:\/\/auxtoursdunmonde.com\/wp-content\/uploads\/2024\/10\/401579991_296912843306109_2978789018756198899_n-768x1024.jpg\" alt=\"\" class=\"wp-image-382\" style=\"width:203px;height:auto\" srcset=\"https:\/\/auxtoursdunmonde.com\/wp-content\/uploads\/2024\/10\/401579991_296912843306109_2978789018756198899_n-768x1024.jpg 768w, https:\/\/auxtoursdunmonde.com\/wp-content\/uploads\/2024\/10\/401579991_296912843306109_2978789018756198899_n-225x300.jpg 225w, https:\/\/auxtoursdunmonde.com\/wp-content\/uploads\/2024\/10\/401579991_296912843306109_2978789018756198899_n-600x800.jpg 600w, https:\/\/auxtoursdunmonde.com\/wp-content\/uploads\/2024\/10\/401579991_296912843306109_2978789018756198899_n.jpg 960w\" sizes=\"auto, (max-width: 768px) 100vw, 768px\" \/><\/figure>\n<\/div><\/div>\n\n\n\n<div class=\"wp-block-column is-layout-flow wp-block-column-is-layout-flow\" style=\"flex-basis:66.66%\">\n<p>Ce refuge existe parce qu&rsquo;Elodie d\u00e9voue chaque jour, chaque moment au sauvetage des ces animaux. Et dans cette arche, on c\u00f4toie des chiens, des \u00e2nes, des canards m\u00eame, un petit peuple qui cohabite jour apr\u00e8s jour dans le bonheur et la s\u00e9r\u00e9nit\u00e9 que leur apporte la propri\u00e9taire des lieux. <\/p>\n\n\n\n<p>Tous les chiens sont soign\u00e9s et mis en r\u00e8gles administrativement afin d&rsquo;\u00eatre adopt\u00e9s avec la possibilit\u00e9 de les ramener en France dans des foyers aimants. <\/p>\n\n\n\n<p>Les autres animaux sont eux aussi soign\u00e9s et nourris. Mais si le refuge existe parce qu&rsquo;Elodie y a d\u00e9vou\u00e9 toute sa vie, il vit aussi gr\u00e2ce aux dons en partie. Je dis en partie parce qu&rsquo;en parall\u00e8le Elodie met en place des spectacle et des balades qui lui permettent de rentrer un peu d&rsquo;argent pour faire vivre tout ce petit monde.<\/p>\n<\/div>\n<\/div>\n\n\n\n<div class=\"wp-block-columns is-layout-flex wp-container-core-columns-is-layout-9d6595d7 wp-block-columns-is-layout-flex\">\n<div class=\"wp-block-column is-layout-flow wp-block-column-is-layout-flow\" style=\"flex-basis:66.66%\">\n<p>Le refuge ne re\u00e7oit aucune subvention, il s&rsquo;agit simplement d&rsquo;une femme comme une autre qui avance avec le coeur. Mais le coeur a lui seul ne suffit pas, il faut aussi de l&rsquo;argent pour payer le v\u00e9t\u00e9rinaire, les soins, l&rsquo;alimentation. C&rsquo;est aussi le fruit de tous les b\u00e9n\u00e9voles qui viennent pour aider aux r\u00e9parations des lieux, pour sortir tous ces animaux en balade. <\/p>\n\n\n\n<p>C&rsquo;est un fabuleux r\u00e9seau qui s&rsquo;est cr\u00e9e autour de ce refuge de renomm\u00e9. Et pas seulement, quand Elodie n&rsquo;aide pas les animaux, elle aide aussi les humains. Elle a \u00e9t\u00e9 notre r\u00e9f\u00e9rente sur le terrain lors du terrible tremblement de terre qui a frapp\u00e9 le Maroc. C&rsquo;est Elodie qui a veill\u00e9 \u00e0 ce que tous les dons financiers r\u00e9cup\u00e9r\u00e9s par l\u2019association \u00ab\u00a0Aux Tours d&rsquo;un Monde\u00a0\u00bb servent a acheter des couvertures, de l&rsquo;eau et tout ce dont les habitants avaient besoin.<\/p>\n\n\n\n<p>Je sais combien elle est reconnaissante envers tous ceux qui l&rsquo;accompagne dans son d\u00e9sir d&rsquo;aider.<\/p>\n<\/div>\n\n\n\n<div class=\"wp-block-column is-layout-flow wp-block-column-is-layout-flow\" style=\"flex-basis:33.33%\"><div class=\"wp-block-image\">\n<figure class=\"aligncenter size-large is-resized\"><img loading=\"lazy\" decoding=\"async\" width=\"768\" height=\"1024\" src=\"https:\/\/auxtoursdunmonde.com\/wp-content\/uploads\/2024\/10\/456715626_477702538560471_7203475749840404215_n-768x1024.jpg\" alt=\"\" class=\"wp-image-383\" style=\"width:222px;height:auto\" srcset=\"https:\/\/auxtoursdunmonde.com\/wp-content\/uploads\/2024\/10\/456715626_477702538560471_7203475749840404215_n-768x1024.jpg 768w, https:\/\/auxtoursdunmonde.com\/wp-content\/uploads\/2024\/10\/456715626_477702538560471_7203475749840404215_n-225x300.jpg 225w, https:\/\/auxtoursdunmonde.com\/wp-content\/uploads\/2024\/10\/456715626_477702538560471_7203475749840404215_n-1152x1536.jpg 1152w, https:\/\/auxtoursdunmonde.com\/wp-content\/uploads\/2024\/10\/456715626_477702538560471_7203475749840404215_n-600x800.jpg 600w, https:\/\/auxtoursdunmonde.com\/wp-content\/uploads\/2024\/10\/456715626_477702538560471_7203475749840404215_n.jpg 1536w\" sizes=\"auto, (max-width: 768px) 100vw, 768px\" \/><\/figure>\n<\/div><\/div>\n<\/div>\n\n\n<div class=\"wp-block-image\">\n<figure class=\"aligncenter size-large is-resized\"><img loading=\"lazy\" decoding=\"async\" width=\"1024\" height=\"1019\" src=\"https:\/\/auxtoursdunmonde.com\/wp-content\/uploads\/2024\/10\/Screenshot_20241017_140136_WhatsApp-1-1024x1019.jpg\" alt=\"\" class=\"wp-image-385\" style=\"width:428px;height:auto\" srcset=\"https:\/\/auxtoursdunmonde.com\/wp-content\/uploads\/2024\/10\/Screenshot_20241017_140136_WhatsApp-1-1024x1019.jpg 1024w, https:\/\/auxtoursdunmonde.com\/wp-content\/uploads\/2024\/10\/Screenshot_20241017_140136_WhatsApp-1-300x300.jpg 300w, https:\/\/auxtoursdunmonde.com\/wp-content\/uploads\/2024\/10\/Screenshot_20241017_140136_WhatsApp-1-150x150.jpg 150w, https:\/\/auxtoursdunmonde.com\/wp-content\/uploads\/2024\/10\/Screenshot_20241017_140136_WhatsApp-1-768x764.jpg 768w, https:\/\/auxtoursdunmonde.com\/wp-content\/uploads\/2024\/10\/Screenshot_20241017_140136_WhatsApp-1-600x597.jpg 600w, https:\/\/auxtoursdunmonde.com\/wp-content\/uploads\/2024\/10\/Screenshot_20241017_140136_WhatsApp-1-100x100.jpg 100w, https:\/\/auxtoursdunmonde.com\/wp-content\/uploads\/2024\/10\/Screenshot_20241017_140136_WhatsApp-1.jpg 1079w\" sizes=\"auto, (max-width: 1024px) 100vw, 1024px\" \/><\/figure>\n<\/div>\n\n\n<p class=\"has-text-align-center\">Vous pouvez retrouver les \u00e9curies de la Roseraie sur <a href=\"https:\/\/www.google.com\/url?sa=t&amp;source=web&amp;rct=j&amp;opi=89978449&amp;url=https:\/\/www.tiktok.com\/%40lesecuriesdelaroseraie&amp;ved=2ahUKEwiSvIrdtZWJAxXERaQEHfR4B6cQFnoECB4QAQ&amp;usg=AOvVaw0_Dho0FAzLop4NIcu4QpxE\" data-type=\"link\" data-id=\"https:\/\/www.google.com\/url?sa=t&amp;source=web&amp;rct=j&amp;opi=89978449&amp;url=https:\/\/www.tiktok.com\/%40lesecuriesdelaroseraie&amp;ved=2ahUKEwiSvIrdtZWJAxXERaQEHfR4B6cQFnoECB4QAQ&amp;usg=AOvVaw0_Dho0FAzLop4NIcu4QpxE\">TikTok <\/a>; <a href=\"https:\/\/www.facebook.com\/photo\/?fbid=263330883330972&amp;set=a.102380032759392\" data-type=\"link\" data-id=\"https:\/\/www.facebook.com\/photo\/?fbid=263330883330972&amp;set=a.102380032759392\">Facebook <\/a>; <a href=\"https:\/\/www.google.com\/url?sa=t&amp;source=web&amp;rct=j&amp;opi=89978449&amp;url=https:\/\/www.instagram.com\/lesecuriesdelaroseraie\/reels\/&amp;ved=2ahUKEwizsqXztZWJAxWHU6QEHXxWD_EQFnoECBMQAQ&amp;usg=AOvVaw2eb2yacgtEhtgEVa2VlvWy\" data-type=\"link\" data-id=\"https:\/\/www.google.com\/url?sa=t&amp;source=web&amp;rct=j&amp;opi=89978449&amp;url=https:\/\/www.instagram.com\/lesecuriesdelaroseraie\/reels\/&amp;ved=2ahUKEwizsqXztZWJAxWHU6QEHXxWD_EQFnoECBMQAQ&amp;usg=AOvVaw2eb2yacgtEhtgEVa2VlvWy\">Instagram <\/a>ou <a href=\"https:\/\/www.google.com\/url?sa=t&amp;source=web&amp;rct=j&amp;opi=89978449&amp;url=https:\/\/www.youtube.com\/%40fermEquestrRoseraieLarchedElo&amp;ved=2ahUKEwj_qLD6tZWJAxXUBfsDHXzyNy0QFnoECA8QAQ&amp;usg=AOvVaw2T-9taKeC8Fc3paN8ZfuO2\" data-type=\"link\" data-id=\"https:\/\/www.google.com\/url?sa=t&amp;source=web&amp;rct=j&amp;opi=89978449&amp;url=https:\/\/www.youtube.com\/%40fermEquestrRoseraieLarchedElo&amp;ved=2ahUKEwj_qLD6tZWJAxXUBfsDHXzyNy0QFnoECA8QAQ&amp;usg=AOvVaw2T-9taKeC8Fc3paN8ZfuO2\">Youtube<\/a><\/p>\n\n\n\n<p><\/p>\n","protected":false},"excerpt":{"rendered":"<p>Il y a 8 ans, alors qu&rsquo;elle voyage dans tout le Maroc, Elodie tombe amoureuse de Taroudant, une ville du sud marocain, au pieds de l&rsquo;Atlas. Elle s&rsquo;y installe, apprend [&hellip;]<\/p>\n","protected":false},"author":1,"featured_media":0,"parent":0,"menu_order":0,"comment_status":"closed","ping_status":"closed","template":"","meta":{"footnotes":""},"class_list":["post-380","page","type-page","status-publish","hentry"],"_links":{"self":[{"href":"https:\/\/auxtoursdunmonde.com\/index.php\/wp-json\/wp\/v2\/pages\/380","targetHints":{"allow":["GET"]}}],"collection":[{"href":"https:\/\/auxtoursdunmonde.com\/index.php\/wp-json\/wp\/v2\/pages"}],"about":[{"href":"https:\/\/auxtoursdunmonde.com\/index.php\/wp-json\/wp\/v2\/types\/page"}],"author":[{"embeddable":true,"href":"https:\/\/auxtoursdunmonde.com\/index.php\/wp-json\/wp\/v2\/users\/1"}],"replies":[{"embeddable":true,"href":"https:\/\/auxtoursdunmonde.com\/index.php\/wp-json\/wp\/v2\/comments?post=380"}],"version-history":[{"count":7,"href":"https:\/\/auxtoursdunmonde.com\/index.php\/wp-json\/wp\/v2\/pages\/380\/revisions"}],"predecessor-version":[{"id":394,"href":"https:\/\/auxtoursdunmonde.com\/index.php\/wp-json\/wp\/v2\/pages\/380\/revisions\/394"}],"wp:attachment":[{"href":"https:\/\/auxtoursdunmonde.com\/index.php\/wp-json\/wp\/v2\/media?parent=380"}],"curies":[{"name":"wp","href":"https:\/\/api.w.org\/{rel}","templated":true}]}}