{"id":1628,"date":"2025-06-15T11:21:31","date_gmt":"2025-06-15T09:21:31","guid":{"rendered":"https:\/\/auxtoursdunmonde.com\/?page_id=1628"},"modified":"2025-10-13T18:11:20","modified_gmt":"2025-10-13T16:11:20","slug":"dinguerie-sud","status":"publish","type":"page","link":"https:\/\/auxtoursdunmonde.com\/index.php\/dinguerie-sud\/","title":{"rendered":"Inscription Dinguerie Sud"},"content":{"rendered":"\n<p>Bonjour \u00e0 toi et bienvenue !<\/p>\n\n\n\n<p>En 2025, la Dinguerie est de retour. Cette manifestation a pour but de rassembler des personnes de tout univers pour un week-end convivial et de rencontres. Peut-\u00eatre as-tu d\u00e9j\u00e0 particip\u00e9 \u00e0 la Dinguerie Sud en 2022, si c&rsquo;est le cas, tu connais la chanson et sinon on t&rsquo;explique tout sur cette page. <\/p>\n\n\n\n<p>Adresse de l&rsquo;\u00e9v\u00e9nement :<br>Camping de l&rsquo;Arros<br>32160 Plaisance<\/p>\n\n\n\n<p><strong>PROGRAMME DU WEEK-END<\/strong><\/p>\n\n\n\n<p>Vendredi 24 octobre : <br>Repas partage, o\u00f9 chacun apporte un petit quelque chose \u201cauberge espagnole\u201d<br>Soir\u00e9e karaok\u00e9<br>Vente de cr\u00eapes sucr\u00e9e \u00e0 la piscine<\/p>\n\n\n\n<p>Samedi 25 octobre :&nbsp;<br>11h &#8211; animation sp\u00e9ciale enfant type chasse au tr\u00e9sor&nbsp;<br>11h et 14h &#8211; sortie libre en cano\u00eb 11 places sur r\u00e9servation (pas de mineur seul)<br>Vente de cr\u00eapes sucr\u00e9e \u00e0 la piscine<br>14h\/17h &#8211; March\u00e9 artisanal ouvert au public<br>Soir\u00e9e guinguette &#8211; repas du Sud Ouest : gratin de confit de canard et dessert<br>Portion adulte 14\u20ac &#8211; portion enfant ou \u00bd portion 8\u20ac<br>Tombola<\/p>\n\n\n\n<p>Dimanche 26 octobre :&nbsp;<br>8h-10h petit d\u00e9jeuner offert<br>11h -sortie libre en cano\u00eb 11 places sur r\u00e9servation<br>14h : op\u00e9ration p\u00e9tanque en \u00e9quipe ?<br>Soir\u00e9e jeux &#8211; \u00e9lection de Miss et Mister nomade \/ Food Truck M\u00e8re et fils<\/p>\n\n\n\n<p class=\"has-text-align-center\"><strong>Pr\u00e9-Inscription \u00e0 La Dinguerie<\/strong><\/p>\n\n\n\n<p><strong>Un pr\u00e9-inscription n&rsquo;est pas d\u00e9finitive<\/strong>. Elle devient d\u00e9finitive lorsque vous recevez le lien de paiement et que effectuez celui-ci. Apr\u00e8s paiement, vous recevez un e-mail de confirmation d&rsquo;inscription. Si le camping ne dispose plus de capacit\u00e9 d&rsquo;accueil par rapport \u00e0 votre v\u00e9hicule, vous recevrez un e-mail vous informant que nous n&rsquo;avons pas pu finaliser votre inscription. <\/p>\n\n\n\n<p class=\"has-text-align-left\">L&rsquo;\u00e9v\u00e9nement se tiendra du<strong><em> vendredi 24 au lundi 27 octobre 2025<\/em><\/strong><\/p>\n\n\n\n<p class=\"has-text-align-center\"><strong>LES INSCRIPTIONS SONT FERM\u00c9ES !<br>COMPLET<\/strong><\/p>\n\n\n\n<div data-wp-interactive=\"core\/file\" class=\"wp-block-file\"><object data-wp-bind--hidden=\"!state.hasPdfPreview\" hidden class=\"wp-block-file__embed\" data=\"https:\/\/auxtoursdunmonde.com\/wp-content\/uploads\/2025\/09\/Reglement-interieur-dinguerie.pdf\" type=\"application\/pdf\" style=\"width:100%;height:600px\" aria-label=\"Contenu embarqu\u00e9 R\u00e8glement int\u00e9rieur dinguerie.\"><\/object><a id=\"wp-block-file--media-19d19a43-2529-466c-a3e5-fc42c5dec68e\" href=\"https:\/\/auxtoursdunmonde.com\/wp-content\/uploads\/2025\/09\/Reglement-interieur-dinguerie.pdf\">R\u00e8glement int\u00e9rieur dinguerie<\/a><a href=\"https:\/\/auxtoursdunmonde.com\/wp-content\/uploads\/2025\/09\/Reglement-interieur-dinguerie.pdf\" class=\"wp-block-file__button wp-element-button\" download aria-describedby=\"wp-block-file--media-19d19a43-2529-466c-a3e5-fc42c5dec68e\">T\u00e9l\u00e9charger<\/a><\/div>\n\n\n\n<p>Contact des organisateurs <br>dingueriesud@gmail.com <br><br>Toute l&rsquo;\u00e9quipe a h\u00e2te de vous rencontrer. <br><br>Cet \u00e9v\u00e9nement est organis\u00e9 par Aux Tours d&rsquo;un Monde, au num\u00e9ro RNA : W401004058 assur\u00e9 par Allianz Tol\u00e8de Groupe et Associ\u00e9s pour ses participants et ses b\u00e9n\u00e9voles. <br>B\u00e9n\u00e9voles \u00e0 l&rsquo;organisation :<br>* Lovicar Tribu<br>* Les Fofileurs<br>* Carapat<br>* Vanlifeair<br>* Pollux<br>* Ben<br>* Le coucou \u00e0 Kiki<\/p>\n\n\n\n<p><\/p>\n","protected":false},"excerpt":{"rendered":"<p>Bonjour \u00e0 toi et bienvenue ! En 2025, la Dinguerie est de retour. Cette manifestation a pour but de rassembler des personnes de tout univers pour un week-end convivial et [&hellip;]<\/p>\n","protected":false},"author":1,"featured_media":0,"parent":0,"menu_order":0,"comment_status":"closed","ping_status":"closed","template":"","meta":{"footnotes":""},"class_list":["post-1628","page","type-page","status-publish","hentry"],"_links":{"self":[{"href":"https:\/\/auxtoursdunmonde.com\/index.php\/wp-json\/wp\/v2\/pages\/1628","targetHints":{"allow":["GET"]}}],"collection":[{"href":"https:\/\/auxtoursdunmonde.com\/index.php\/wp-json\/wp\/v2\/pages"}],"about":[{"href":"https:\/\/auxtoursdunmonde.com\/index.php\/wp-json\/wp\/v2\/types\/page"}],"author":[{"embeddable":true,"href":"https:\/\/auxtoursdunmonde.com\/index.php\/wp-json\/wp\/v2\/users\/1"}],"replies":[{"embeddable":true,"href":"https:\/\/auxtoursdunmonde.com\/index.php\/wp-json\/wp\/v2\/comments?post=1628"}],"version-history":[{"count":9,"href":"https:\/\/auxtoursdunmonde.com\/index.php\/wp-json\/wp\/v2\/pages\/1628\/revisions"}],"predecessor-version":[{"id":1743,"href":"https:\/\/auxtoursdunmonde.com\/index.php\/wp-json\/wp\/v2\/pages\/1628\/revisions\/1743"}],"wp:attachment":[{"href":"https:\/\/auxtoursdunmonde.com\/index.php\/wp-json\/wp\/v2\/media?parent=1628"}],"curies":[{"name":"wp","href":"https:\/\/api.w.org\/{rel}","templated":true}]}}